{"id":9,"date":"2016-08-09T15:35:36","date_gmt":"2016-08-09T15:35:36","guid":{"rendered":"http:\/\/tyhjakulho.fi\/wordpress\/?page_id=9"},"modified":"2026-04-15T05:19:10","modified_gmt":"2026-04-15T07:19:10","slug":"lahjoituksen-saaja","status":"publish","type":"page","link":"https:\/\/www.tyhjakulho.fi\/?page_id=9","title":{"rendered":"Lahjoituksen saajat"},"content":{"rendered":"<p>Helsingin Tyhj\u00e4 kulho -tapahtumassa ker\u00e4t\u00e4\u00e4n varoja <span style=\"color: #0000ff;\"><a style=\"color: #0000ff;\" href=\"http:\/\/www.unicef.fi\" target=\"_blank\" rel=\"noopener\">UNICEFin<\/a><\/span> h\u00e4t\u00e4aputy\u00f6h\u00f6n,\u00a0sinne miss\u00e4 apua tarvitaan eniten. Kun h\u00e4t\u00e4 iskee, UNICEF on ensimm\u00e4isten joukossa paikalla auttamassa lapsia ja perheit\u00e4. UNICEF huolehtii lasten terveydest\u00e4, ravitsemuksesta, koulutuksesta ja suojelusta sotien ja katastrofien keskell\u00e4.<\/p>\n<p>UNICEF auttaa vuosittain l\u00e4hes 300 humanitaarisessa kriisiss\u00e4 ymp\u00e4ri maailmaa.<\/p>\n<p>Lue lis\u00e4\u00e4 <span style=\"color: #0000ff;\"><a style=\"color: #0000ff;\" href=\"https:\/\/www.unicef.fi\/tyomme\/lapsen-oikeudet\/hataapu\/\">UNICEFin h\u00e4t\u00e4aputy\u00f6st\u00e4.<\/a><\/span><\/p>\n","protected":false},"excerpt":{"rendered":"<p>Helsingin Tyhj\u00e4 kulho -tapahtumassa ker\u00e4t\u00e4\u00e4n varoja UNICEFin h\u00e4t\u00e4aputy\u00f6h\u00f6n,\u00a0sinne miss\u00e4 apua tarvitaan eniten. Kun h\u00e4t\u00e4 iskee, UNICEF on ensimm\u00e4isten joukossa paikalla auttamassa lapsia ja perheit\u00e4. UNICEF huolehtii lasten terveydest\u00e4, ravitsemuksesta, koulutuksesta ja suojelusta sotien ja katastrofien keskell\u00e4. UNICEF auttaa vuosittain l\u00e4hes 300 humanitaarisessa kriisiss\u00e4 ymp\u00e4ri maailmaa. Lue lis\u00e4\u00e4 UNICEFin h\u00e4t\u00e4aputy\u00f6st\u00e4.<a class=\"button\" href=\"https:\/\/www.tyhjakulho.fi\/?page_id=9\" title=\"Read More\">Read more<\/a><\/p>\n","protected":false},"author":1,"featured_media":1318,"parent":0,"menu_order":2,"comment_status":"closed","ping_status":"closed","template":"","meta":{"footnotes":""},"class_list":["post-9","page","type-page","status-publish","has-post-thumbnail","hentry"],"_links":{"self":[{"href":"https:\/\/www.tyhjakulho.fi\/index.php?rest_route=\/wp\/v2\/pages\/9","targetHints":{"allow":["GET"]}}],"collection":[{"href":"https:\/\/www.tyhjakulho.fi\/index.php?rest_route=\/wp\/v2\/pages"}],"about":[{"href":"https:\/\/www.tyhjakulho.fi\/index.php?rest_route=\/wp\/v2\/types\/page"}],"author":[{"embeddable":true,"href":"https:\/\/www.tyhjakulho.fi\/index.php?rest_route=\/wp\/v2\/users\/1"}],"replies":[{"embeddable":true,"href":"https:\/\/www.tyhjakulho.fi\/index.php?rest_route=%2Fwp%2Fv2%2Fcomments&post=9"}],"version-history":[{"count":21,"href":"https:\/\/www.tyhjakulho.fi\/index.php?rest_route=\/wp\/v2\/pages\/9\/revisions"}],"predecessor-version":[{"id":1746,"href":"https:\/\/www.tyhjakulho.fi\/index.php?rest_route=\/wp\/v2\/pages\/9\/revisions\/1746"}],"wp:featuredmedia":[{"embeddable":true,"href":"https:\/\/www.tyhjakulho.fi\/index.php?rest_route=\/wp\/v2\/media\/1318"}],"wp:attachment":[{"href":"https:\/\/www.tyhjakulho.fi\/index.php?rest_route=%2Fwp%2Fv2%2Fmedia&parent=9"}],"curies":[{"name":"wp","href":"https:\/\/api.w.org\/{rel}","templated":true}]}}