{"id":57,"date":"2016-08-10T06:32:21","date_gmt":"2016-08-10T06:32:21","guid":{"rendered":"http:\/\/tyhjakulho.fi\/wordpress\/?page_id=57"},"modified":"2025-11-11T21:44:47","modified_gmt":"2025-11-11T23:44:47","slug":"svensk-resume","status":"publish","type":"page","link":"https:\/\/www.tyhjakulho.fi\/?page_id=57","title":{"rendered":"Svensk resum\u00e9"},"content":{"rendered":"<div id=\"sisalto\">\n<h2 class=\"tw-data-text tw-text-large tw-ta\" dir=\"ltr\" data-placeholder=\"K\u00e4\u00e4nn\u00f6s\"><span class=\"Y2IQFc\" lang=\"sv\"><strong>Empty Bowls -Tom Sk\u00e5l 2025 tackar!<\/strong><\/span><\/h2>\n<p>Empty Bowl 2025 vill tacka alla som deltog under \u00e5ret och bes\u00f6kte evenemanget den 13 september 2025, givare och samarbetspartners \u2764\ufe0f Tillsammans har vi samlat in 12 577,67 \u20ac under 2025. Beloppet har donerats till UNICEF:s n\u00f6dhj\u00e4lp d\u00e4r hj\u00e4lp beh\u00f6vs som mest just nu.<\/p>\n<p>V\u00e5rt tema i \u00e5r var empati och gemenskap och hur det kan genomf\u00f6ras genom praktiska handlingar. Vi alla har n\u00e5got att ge och tillsammans \u00e4r vi fler.<\/p>\n<p>450 g\u00e4ster, givare och volont\u00e4rer deltog i det rekordbrytande evenemanget i domkyrkans krypta! Tack Helsingfors domkyrka f\u00f6r att ni donerar den magnifika domkyrkans kryptutrymme f\u00f6r v\u00e5r anv\u00e4ndning \u00e4ven i \u00e5r! Tack Helsinki Design Week f\u00f6r synligheten, ett stort tack till keramikerna och glaskonstn\u00e4rerna, restaurangerna, bagerierna, Helsingfors UNICEF-volont\u00e4rerna, musikerna, evenemangsv\u00e4rdarna, affischdesignern, smyckesdonatorerna, utrustningsdonatorerna, transportcheferna och evenemangsarrang\u00f6rerna. Tack till alla som deltog! Tillsammans \u00e4r vi mer \u2764\ufe0f Information om donatorerna och evenemanget finns p\u00e5 www.tyhjakulho.fi<\/p>\n<\/div>\n<p>https:\/\/www.facebook.com\/tyhjakulhohelsinki<\/p>\n<p>&nbsp;<\/p>\n<div id=\"sisalto\">\n<p>Vi ses igen n\u00e4sta \u00e5r under Helsinki Design Week den 5.9.2026<\/p>\n<p><strong>Evenemanget Empty Bowls 2026 h\u00e5lls den 5.9.2026 kl. 11.00-14.00 p\u00e5 traditionellt s\u00e4tt i domkyrkans st\u00e4mningsfulla krypta, Kyrksgatan 18, 00170 Helsingfors.<\/strong><\/p>\n<p>V\u00e4lkommen!<\/p>\n<\/div>\n<p>&nbsp;<\/p>\n<p>&nbsp;<\/p>\n<div id=\"sisalto\">\n<p>&nbsp;<\/p>\n<p>Tyhj\u00e4 kulho (Empty Bowls, &#8221;Tom Sk\u00e5l&#8221;) \u00e4r ett kollektivt evenemang som samlar in bidrag f\u00f6r att ge mathj\u00e4lp f\u00f6r m\u00e4nniskor i brist p\u00e5 mat. Keramiker och glaskonstn\u00e4rer donerar soppsk\u00e5lar och tallrikar och lokala restauranger samt f\u00f6retag bidrar med soppa och br\u00f6d. Mot donation (min 25 euro) f\u00e5r alla bes\u00f6kare v\u00e4lja smaklig soppa och en handgjort fin sk\u00e5l som de f\u00e5r ta med sig som p\u00e5minnelse om v\u00e4rldens or\u00e4kneliga tomma soppask\u00e5lar. Musikunderh\u00e5llning kompletterar lunchstunden. Tyhj\u00e4 kulho -evenemang har genererat 222 000 euros p\u00e5 22 \u00e5r !<\/p>\n<p><img loading=\"lazy\" decoding=\"async\" class=\"aligncenter size-large wp-image-544\" src=\"https:\/\/www.tyhjakulho.fi\/wp-content\/uploads\/2016\/09\/nellikivinen_tyhjakulho80-449x304.jpeg\" alt=\"nellikivinen_tyhjakulho80\" width=\"449\" height=\"304\" \/><\/p>\n<\/div>\n<div id=\"sisalto\">\n<p>V\u00e5rt prim\u00e4ra m\u00e5l \u00e4r att samla in ett imponerande bidrag f\u00f6r <a href=\"https:\/\/www.unicef.fi\/hem\/\">UNICEF<\/a> och samtidigt v\u00e4cka alla att inse att det finns m\u00e5nga s\u00e4tt att bidraga och hj\u00e4lpa till. Int\u00e4kterna fr\u00e5n insamlingen sk\u00e4nks oavkortat till Finlands <a href=\"https:\/\/www.unicef.fi\/hem\/\">UNICEF<\/a> som anv\u00e4nder pengarna f\u00f6r att bygga och reparera brunnar, vattenledningar, pumpar och torrklosetter samt f\u00f6r att ge hygienupplysning till barn i fattiga l\u00e4nder. Detta arbete utf\u00f6rs i de \u00f6ver 90 l\u00e4nder som ligger mest illa till.<\/p>\n<p>Finlands allra f\u00f6rsta Tyhj\u00e4 kulho-evenemanget ordnades \u00e5r 2003 i Helsingfors. Keramikern Eva Spoof grundade en arbetsgrupp f\u00f6r att arrangera Tyhj\u00e4 kulho-dagen. \u00c5tskilliga keramiker, restauranger samt andra frivilliga deltog i operationen. Den blev en fullkomlig succ\u00e9, och i ca tv\u00e5 timmar delade vi ut 800 soppsk\u00e5lar. P\u00e5 rekord\u00e5ret 2008 samlade vi ihop lite \u00f6ver 15 300 euro f\u00f6r UNICEF.<\/p>\n<p>Fr. o. m. \u00e5r 2006 h\u00f6r Tyhj\u00e4 kulho -insamlingen \u00e4ven till <a href=\"https:\/\/helsinkidesignweek.com\/\">Helsinki Design Week<\/a>. Den var en av Suomi 90 Finland -jubileums\u00e5rets evenemang. \u00c5r 2008 fick Tyhj\u00e4 kulho &#8221;Vuoden UNIFEC-teko&#8221; -diplomet samt Kelpo esimerkki -diplometf\u00f6r frivilligverksamhet.<\/p>\n<p>Du kan \u00e4ven g\u00f6ra en donation direkt:<\/p>\n<div id=\"sisalto\">\n<p>1. MobilePay 52053<br \/>\n2. Finlands UNICEFs bankkonto Tomma sk\u00e5len FI56 3000 1166 09, referens 3300 4163 5250 0510 1221.<br \/>\n3. Online insamling <a href=\"https:\/\/www.unicefkerays.fi\/fundraisers\/tyhja-kulho-auttaa-hadassa\"><span style=\"color: #0000ff;\">Tyhj\u00e4 kulho auttaa h\u00e4d\u00e4ss\u00e4<\/span><\/a><\/p>\n<\/div>\n<div id=\"sisalto\">\n<p><a href=\"https:\/\/www.tyhjakulho.fi\/wp-content\/uploads\/2016\/09\/nellikivinen_tyhjakulho17.jpeg\"><img loading=\"lazy\" decoding=\"async\" class=\"aligncenter size-large wp-image-481\" src=\"https:\/\/www.tyhjakulho.fi\/wp-content\/uploads\/2016\/09\/nellikivinen_tyhjakulho17-449x304.jpeg\" alt=\"nellikivinen_tyhjakulho17\" width=\"449\" height=\"304\" \/><\/a><\/p>\n<\/div>\n<p>&nbsp;<\/p>\n<p>F\u00f6r ytterligare information kontakta info(at)tyhjakulho.fi<\/p>\n<\/div>\n","protected":false},"excerpt":{"rendered":"<p>Empty Bowls -Tom Sk\u00e5l 2025 tackar! Empty Bowl 2025 vill tacka alla som deltog under \u00e5ret och bes\u00f6kte evenemanget den 13 september 2025, givare och samarbetspartners \u2764\ufe0f Tillsammans har vi samlat in 12 577,67 \u20ac under 2025. Beloppet har donerats till UNICEF:s n\u00f6dhj\u00e4lp d\u00e4r hj\u00e4lp beh\u00f6vs som mest just nu. V\u00e5rt tema i \u00e5r var<a class=\"button\" href=\"https:\/\/www.tyhjakulho.fi\/?page_id=57\" title=\"Read More\">Read more<\/a><\/p>\n","protected":false},"author":1,"featured_media":0,"parent":0,"menu_order":9,"comment_status":"closed","ping_status":"closed","template":"","meta":{"footnotes":""},"class_list":["post-57","page","type-page","status-publish","hentry"],"_links":{"self":[{"href":"https:\/\/www.tyhjakulho.fi\/index.php?rest_route=\/wp\/v2\/pages\/57","targetHints":{"allow":["GET"]}}],"collection":[{"href":"https:\/\/www.tyhjakulho.fi\/index.php?rest_route=\/wp\/v2\/pages"}],"about":[{"href":"https:\/\/www.tyhjakulho.fi\/index.php?rest_route=\/wp\/v2\/types\/page"}],"author":[{"embeddable":true,"href":"https:\/\/www.tyhjakulho.fi\/index.php?rest_route=\/wp\/v2\/users\/1"}],"replies":[{"embeddable":true,"href":"https:\/\/www.tyhjakulho.fi\/index.php?rest_route=%2Fwp%2Fv2%2Fcomments&post=57"}],"version-history":[{"count":54,"href":"https:\/\/www.tyhjakulho.fi\/index.php?rest_route=\/wp\/v2\/pages\/57\/revisions"}],"predecessor-version":[{"id":1725,"href":"https:\/\/www.tyhjakulho.fi\/index.php?rest_route=\/wp\/v2\/pages\/57\/revisions\/1725"}],"wp:attachment":[{"href":"https:\/\/www.tyhjakulho.fi\/index.php?rest_route=%2Fwp%2Fv2%2Fmedia&parent=57"}],"curies":[{"name":"wp","href":"https:\/\/api.w.org\/{rel}","templated":true}]}}