{"id":55,"date":"2016-08-10T06:31:45","date_gmt":"2016-08-10T06:31:45","guid":{"rendered":"http:\/\/tyhjakulho.fi\/wordpress\/?page_id=55"},"modified":"2025-11-11T21:46:48","modified_gmt":"2025-11-11T23:46:48","slug":"english-summary-empty-bowls","status":"publish","type":"page","link":"https:\/\/www.tyhjakulho.fi\/?page_id=55","title":{"rendered":"English Summary"},"content":{"rendered":"<p><strong>Empty Bowl 2025<\/strong> would like to thank everyone who participated during the year and attended the event on September 13, 2025, donors and partners \u2764\ufe0f Together we have raised \u20ac12,577.67 during 2025. The amount has been donated to UNICEF&#8217;s emergency aid where help is needed most at the moment.<\/p>\n<div id=\"sisalto\">\n<p><span style=\"font-family: Georgia, 'Times New Roman', 'Bitstream Charter', Times, serif;\">The 23rd Empty Bowls event 13.9.2025 took place\u00a0 in the Helsinki Cathedral Crypt, Kirkkokatu 18,00170 Helsinki.<\/span><\/p>\n<p><span style=\"font-family: Georgia, 'Times New Roman', 'Bitstream Charter', Times, serif;\">Our theme was empathy and community and how to put it into practise. We all have something to give and together we are more.<\/span><\/p>\n<\/div>\n<p>450 guests, donors and volunteers participated in the record-breaking event in the Cathedral crypt! Thank you Helsinki Cathedral for donating the magnificent Cathedral crypt space for our use again this year! Thank you Helsinki Design Week for the visibility, a big thank you to the ceramicists and glass artists, restaurants, bakeries, Helsinki UNICEF volunteers, musicians, event hosts, poster designer, jewelry donor, equipment donors, transportation managers and event organizers. Thank you to everyone who participated! Together we are more \u2764\ufe0f<\/p>\n<p>Information about the donors and the event can be found at www.tyhjakulho.fi<\/p>\n<p>&nbsp;<\/p>\n<p><strong>See you again next year during Helsinki Design Week on 5.9.2026<\/strong><\/p>\n<p><strong>The Empty Bowls 2026 event will be held on 5.9.2026 from 11 am to 2 pm in the traditional way in the atmospheric crypt of the Cathedral, Kirkkokatu 18, 00170 Helsinki.<\/strong><\/p>\n<p><strong>Welcome!<\/strong><\/p>\n<p>https:\/\/www.facebook.com\/tyhjakulhohelsinki<\/p>\n<p>&nbsp;<\/p>\n<p>&nbsp;<\/p>\n<p>&nbsp;<\/p>\n<div id=\"sisalto\">\n<p>&nbsp;<\/p>\n<p><span style=\"font-family: Georgia, 'Times New Roman', 'Bitstream Charter', Times, serif;\">Empty Bowls is an international grassroots effort to fight hunger. It was started 1990 in Michigan, USA, by art teachers Lisa Blackburn and John Hartom. <\/span>Empty Bowls is a happy lunch event that is established through donations given by potters and other craftspeople who make beautiful handcrafted bowls, restaurants that donate delicious soups and bread. Musical entertainment is also donated to the event by exceptional artists.In exchange for a cash donation (minimum 25 \u20ac) visitors are given a handmade bowl to keep as a reminder of all the empty bowls in the world.<\/p>\n<p><a href=\"https:\/\/www.tyhjakulho.fi\/wp-content\/uploads\/2016\/09\/nellikivinen_tyhjakulho80.jpeg\"><img loading=\"lazy\" decoding=\"async\" class=\"aligncenter size-large wp-image-544\" src=\"https:\/\/www.tyhjakulho.fi\/wp-content\/uploads\/2016\/09\/nellikivinen_tyhjakulho80-449x304.jpeg\" alt=\"nellikivinen_tyhjakulho80\" width=\"449\" height=\"304\" \/><\/a><\/p>\n<p>Events take place all around the world and many millions of dollars have been raised and donated to hunger-fighting organizations. Empty Bowls Helsinki&#8217;s donations go to the Finnish <span style=\"color: #008000;\"><a style=\"color: #008000;\" title=\"http:\/\/www.unicef.fi\/home\/\" href=\"http:\/\/www.unicef.fi\/home\/\" target=\"_blank\" rel=\"noopener\"> UNICEF<\/a><\/span> emergency fund, which uses the money to build and renovate wells, water pipes, pumps and dry toilets, and to teach children in poor countries the basics of hygiene. Work is done in over 90 worst-off countries.<\/p>\n<p>Finland&#8217;s first ever Empty Bowls event took place in 2003 in Helsinki. Ceramic artist Eva Spoof\u00a0gathered a group to arrange the Empty Bowls day as a celebration of her 10-year-anniversary as a ceramic artist\u00a0<span style=\"color: #008000;\"><a style=\"color: #008000;\" href=\"http:\/\/udumbara.fi\/\" target=\"_blank\" rel=\"noopener\">UDUMBARA<\/a><\/span>. Ceramic artists, restaurants and other volunteers participated in making the day a success. 800 bowls went in just two hours.<\/p>\n<p>The most successful year so far has been 2008, when 870 guests donated approximately 15 300 euros to <span style=\"color: #008000;\"><a style=\"color: #008000;\" href=\"http:\/\/www.unicef.fi\/home\/\" target=\"_blank\" rel=\"noopener\">UNICEF<\/a><\/span>.<\/p>\n<p>From 2006 on the Empty Bowls Helsinki has been a part of the <span style=\"color: #008000;\"><a style=\"color: #008000;\" title=\"http:\/\/www.helsinkidesignweek.com\/\" href=\"http:\/\/www.helsinkidesignweek.com\/2008\/events\/27\/empty-bowls-design-for-a-purpose\/\" target=\"_blank\" rel=\"noopener\">Helsinki Design Week<\/a><\/span>. In addition, it was one of the Suomi 90 Finland jubilee year&#8217;s events. In 2011 it was one of Ornamo&#8217;s 100-year celebrations.<\/p>\n<p>In 2008 Empty Bowls Helsinki was awarded the &#8221;Vuoden UNICEF-teko&#8221; diploma and &#8221;Kelpo esimerkki&#8221; diplomafor volunteer work.<\/p>\n<p>In 22 years Empty Bolws event in Finland has raised over 222 000 euros for UNICEF\u00b4s emergency relief where help is needed most. <span class=\"Y2IQFc\" lang=\"en\">In addition to the event, we organize smaller events throughout the year in restaurants, pottery workshops, corporate events and Christmas sales. Follow our pages and join us. <\/span><\/p>\n<p><span class=\"Y2IQFc\" lang=\"en\">You can also donate directly:<\/span><\/p>\n<div id=\"sisalto\">\n<p>1. MobilePay 52053<br \/>\n2. Finnish UNICEF bank account FI56 1555 3000 1166 09,\u00a0 reference 3300 4163 5250 0510 1221.<br \/>\n3. Online fundraiser <a href=\"https:\/\/www.unicefkerays.fi\/fundraisers\/tyhja-kulho-auttaa-hadassa\"><span style=\"color: #0000ff;\">Tyhj\u00e4 kulho auttaa h\u00e4d\u00e4ss\u00e4<\/span><\/a><\/p>\n<\/div>\n<p>For further information, please contact info(at)tyhjakulho.fi<\/p>\n<\/div>\n","protected":false},"excerpt":{"rendered":"<p>Empty Bowl 2025 would like to thank everyone who participated during the year and attended the event on September 13, 2025, donors and partners \u2764\ufe0f Together we have raised \u20ac12,577.67 during 2025. The amount has been donated to UNICEF&#8217;s emergency aid where help is needed most at the moment. The 23rd Empty Bowls event 13.9.2025<a class=\"button\" href=\"https:\/\/www.tyhjakulho.fi\/?page_id=55\" title=\"Read More\">Read more<\/a><\/p>\n","protected":false},"author":1,"featured_media":0,"parent":0,"menu_order":8,"comment_status":"closed","ping_status":"closed","template":"","meta":{"footnotes":""},"class_list":["post-55","page","type-page","status-publish","hentry"],"_links":{"self":[{"href":"https:\/\/www.tyhjakulho.fi\/index.php?rest_route=\/wp\/v2\/pages\/55","targetHints":{"allow":["GET"]}}],"collection":[{"href":"https:\/\/www.tyhjakulho.fi\/index.php?rest_route=\/wp\/v2\/pages"}],"about":[{"href":"https:\/\/www.tyhjakulho.fi\/index.php?rest_route=\/wp\/v2\/types\/page"}],"author":[{"embeddable":true,"href":"https:\/\/www.tyhjakulho.fi\/index.php?rest_route=\/wp\/v2\/users\/1"}],"replies":[{"embeddable":true,"href":"https:\/\/www.tyhjakulho.fi\/index.php?rest_route=%2Fwp%2Fv2%2Fcomments&post=55"}],"version-history":[{"count":72,"href":"https:\/\/www.tyhjakulho.fi\/index.php?rest_route=\/wp\/v2\/pages\/55\/revisions"}],"predecessor-version":[{"id":1722,"href":"https:\/\/www.tyhjakulho.fi\/index.php?rest_route=\/wp\/v2\/pages\/55\/revisions\/1722"}],"wp:attachment":[{"href":"https:\/\/www.tyhjakulho.fi\/index.php?rest_route=%2Fwp%2Fv2%2Fmedia&parent=55"}],"curies":[{"name":"wp","href":"https:\/\/api.w.org\/{rel}","templated":true}]}}