{"id":2,"date":"2016-07-25T11:56:45","date_gmt":"2016-07-25T11:56:45","guid":{"rendered":"http:\/\/tyhjakulho.fi\/wordpress\/?page_id=2"},"modified":"2026-04-14T10:55:07","modified_gmt":"2026-04-14T12:55:07","slug":"sample-page","status":"publish","type":"page","link":"https:\/\/www.tyhjakulho.fi\/","title":{"rendered":"Tyhj\u00e4 kulho"},"content":{"rendered":"\n<p><strong>Tervetuloa 5.9.2026<\/strong> <strong>Helsinki Design viikon aikaan Tuomiokirkon kryptaan<\/strong>.<\/p>\n\n\n\n<p>Tyhj\u00e4 kulho kiitt\u00e4\u00e4 syd\u00e4mellisesti kaikkia aiempina vuosina osallistuneita.Yhdess\u00e4 ker\u00e4simme vuoden 2025 aikana 12 577, 67\u20ac. Summa on lahjoitettu UNICEFin h\u00e4t\u00e4apuun sinne miss\u00e4 apua eniten t\u00e4ll\u00e4 hetkell\u00e4 tarvitaan. H\u00e4t\u00e4avun tarve ei ole v\u00e4hentynyt. <\/p>\n\n\n\n<p>Ilmoittaudu mukaan t\u00e4m\u00e4n vuoden tapahtumaan. Yhdess\u00e4 voimme kaikki vaikuttaa ja auttaa.<\/p>\n\n\n\n<p>Tietoa aiempien vuosien lahjoittajista ja tapahtumasta l\u00f6ytyy <a href=\"https:\/\/l.facebook.com\/l.php?u=http%3A%2F%2Fwww.tyhjakulho.fi%2F%3Ffbclid%3DIwZXh0bgNhZW0CMTAAc3J0YwZhcHBfaWQQMjIyMDM5MTc4ODIwMDg5MgABHui-eNhpIoAd8XVl372NAosbJNaUydux_GUuD9vcnlOC3mZRSh1hVqEMdybH_aem_gS_FTfEmRMxUgdvEpdRv9g&amp;h=AT1k9x7XfZmoVTBRNq6hZY4_S8XAW6Pxj6iEq3gfhFRlUw8jTrIMt9OHHWvEnEKRi0eXgmFwcuWSHERR2mrJwtkLkQHj9njDHDV6D6vrM2mBHzysU5__6NgKgPAtBehgB6e-b6eMrBXmz_z-YHo&amp;__tn__=-UK-R&amp;c[0]=AT1XYl8_FIvS-N106M4DWNIyvt4KBB17Pxk2TnI_zIfEG2SzFHy8ysgYzsE10uHdgFax3aWbTuQN91RBs_Bw42GcRu0S-r__eqF16rlDtzCVfohbnXF-zS1pA2aj8LLwFWrDsOh5EfT_6XOW8zenKh8mQvSeLTR7pmNVaAsPVBmt90M5EoF56FJRtNAh3AOpMTKlVLnduabynUbS0iR7Iw0M7w\" target=\"_blank\" rel=\"noreferrer noopener\">www.tyhjakulho.fi<\/a><\/p>\n\n\n\n<p><\/p>\n\n\n\n<p><a href=\"https:\/\/www.facebook.com\/tyhjakulhohelsinki\">https:\/\/www.facebook.com\/tyhjakulhohelsinki<\/a><\/p>\n\n\n\n<p><\/p>\n\n\n\n<div class=\"wp-block-cover\"><img loading=\"lazy\" decoding=\"async\" width=\"449\" height=\"304\" class=\"wp-block-cover__image-background wp-image-1698\" alt=\"\" src=\"https:\/\/www.tyhjakulho.fi\/wp-content\/uploads\/2025\/11\/cbd13438-2fae-448e-ae3b-c3f4cc717073-449x304.jpeg\" data-object-fit=\"cover\"\/><span aria-hidden=\"true\" class=\"wp-block-cover__background has-background-dim\"><\/span><div class=\"wp-block-cover__inner-container is-layout-flow wp-block-cover-is-layout-flow\">\n<p class=\"has-text-align-center has-large-font-size\">Kiitos&#x2764;&#xfe0f;<\/p>\n<\/div><\/div>\n\n\n\n<p><\/p>\n\n\n\n<p><\/p>\n\n\n\n<p><\/p>\n\n\n\n<p><strong>Mik\u00e4 on Tyhj\u00e4 kulho-Empty Bowls?<\/strong><\/p>\n\n\n\n<p>Tyhj\u00e4t kulhot on kansainv\u00e4linen ruohonjuuritason ponnistus n\u00e4l\u00e4n torjumiseksi. Sen perustivat vuonna 1990 Michiganissa, Yhdysvalloissa, taideopettajat Lisa Blackburn ja John Hartom. Tyhj\u00e4t kulhot on iloinen lounastapahtuma, joka on perustettu keramiikkataiteilijoiden ja muiden k\u00e4sity\u00f6l\u00e4isten lahjoitusten avulla, jotka valmistavat kauniita k\u00e4sintehtyj\u00e4 kulhoja, sek\u00e4 ravintoloiden lahjoitusten avulla, jotka lahjoittavat herkullisia keittoja ja leip\u00e4\u00e4. Tapahtumaan lahjoittavat my\u00f6s musiikkiviihdett\u00e4 poikkeukselliset taiteilijat. Vastineeksi k\u00e4teislahjoituksesta (v\u00e4hint\u00e4\u00e4n 25 \u20ac) k\u00e4vij\u00e4t saavat itse tehdyn kulhon muistutukseksi kaikista maailman tyhjist\u00e4 kulhoista.<\/p>\n\n\n\n<p>Tapahtumia j\u00e4rjestet\u00e4\u00e4n ymp\u00e4ri maailmaa, ja miljoonia dollareita on ker\u00e4tty ja lahjoitettu n\u00e4lk\u00e4\u00e4 torjuville j\u00e4rjest\u00f6ille. Empty Bowls Helsingin lahjoitukset menev\u00e4t Suomen UNICEFin h\u00e4t\u00e4rahastoon, joka k\u00e4ytt\u00e4\u00e4 rahat kaivojen, vesiputkien, pumppujen ja kuivak\u00e4ym\u00e4l\u00f6iden rakentamiseen ja kunnostamiseen sek\u00e4 k\u00f6yhien maiden lasten hygienian perusteiden opettamiseen. Ty\u00f6t\u00e4 tehd\u00e4\u00e4n yli 90 heikoimmassa asemassa olevassa maassa.<\/p>\n\n\n\n<p>Suomen ensimm\u00e4inen Empty Bowls -tapahtuma j\u00e4rjestettiin vuonna 2003 Helsingiss\u00e4. Keramiikkataiteilija Eva Spoof kokosi ryhm\u00e4n j\u00e4rjest\u00e4m\u00e4\u00e4n Empty Bowls -p\u00e4iv\u00e4n juhlistaakseen 10-vuotista taiteilija UDUMBARA -uraansa. Keramiikkataiteilijat, ravintolat ja muut vapaaehtoiset osallistuivat p\u00e4iv\u00e4n onnistumiseen. 800 kulhoa valmistettiin vain kahdessa tunnissa.<\/p>\n\n\n\n<p>T\u00e4h\u00e4n menness\u00e4 menestynein vuosi on ollut 2008, jolloin 870 vierasta lahjoitti UNICEFille noin 15 300 euroa.<\/p>\n\n\n\n<p>Vuodesta 2006 l\u00e4htien Empty Bowls Helsinki on ollut osa Helsinki Design Weeki\u00e4. Lis\u00e4ksi se oli yksi Suomi 90 -juhlavuoden tapahtumista. Vuonna 2011 se oli yksi Ornamon 100-vuotisjuhlavuoden tapahtumista.<\/p>\n\n\n\n<p>Vuonna 2008 Empty Bowls Helsinki sai vapaaehtoisty\u00f6st\u00e4\u00e4n \u201dVuoden UNICEF-teko\u201d -diplomin ja \u201dKelpo esimerkki\u201d -diplomin.<\/p>\n\n\n\n<p>Empty Bowls -tapahtuma Suomessa on ker\u00e4nnyt yli 222 000 euroa UNICEFin h\u00e4t\u00e4apuun siell\u00e4, miss\u00e4 apua eniten tarvitaan. Tapahtuman lis\u00e4ksi j\u00e4rjest\u00e4mme pienempi\u00e4 tapahtumia ymp\u00e4ri vuoden ravintoloissa, keramiikkapajoissa, yritystapahtumissa ja joulumyynneiss\u00e4. Seuraa sivujamme ja liity mukaan.<\/p>\n\n\n\n<p><a href=\"https:\/\/www.facebook.com\/tyhjakulhohelsinki\">https:\/\/www.facebook.com\/tyhjakulhohelsinki<\/a><\/p>\n\n\n\n<p>Voit my\u00f6s lahjoittaa suoraan:<\/p>\n\n\n\n<ol class=\"wp-block-list\">\n<li>MobilePay 52053<\/li>\n\n\n\n<li>Suomalainen UNICEF-pankkitili FI56 1555 3000 1166 09, viite 3300 4163 5250 0510 1221.<\/li>\n\n\n\n<li>Online-varainker\u00e4ys Tyhj\u00e4 kulho auttaa h\u00e4d\u00e4ss\u00e4<\/li>\n<\/ol>\n\n\n\n<p>Lis\u00e4tietoja antaa info(at)tyhjakulho.fi<\/p>\n\n\n\n<div class=\"wp-block-columns is-layout-flex wp-container-core-columns-is-layout-9d6595d7 wp-block-columns-is-layout-flex\">\n<div class=\"wp-block-column is-layout-flow wp-block-column-is-layout-flow\" style=\"flex-basis:100%\"><\/div>\n<\/div>\n","protected":false},"excerpt":{"rendered":"<p>Tervetuloa 5.9.2026 Helsinki Design viikon aikaan Tuomiokirkon kryptaan. Tyhj\u00e4 kulho kiitt\u00e4\u00e4 syd\u00e4mellisesti kaikkia aiempina vuosina osallistuneita.Yhdess\u00e4 ker\u00e4simme vuoden 2025 aikana 12 577, 67\u20ac. Summa on lahjoitettu UNICEFin h\u00e4t\u00e4apuun sinne miss\u00e4 apua eniten t\u00e4ll\u00e4 hetkell\u00e4 tarvitaan. H\u00e4t\u00e4avun tarve ei ole v\u00e4hentynyt. Ilmoittaudu mukaan t\u00e4m\u00e4n vuoden tapahtumaan. Yhdess\u00e4 voimme kaikki vaikuttaa ja auttaa. Tietoa aiempien vuosien lahjoittajista<a class=\"button\" href=\"https:\/\/www.tyhjakulho.fi\/\" title=\"Read More\">Read more<\/a><\/p>\n","protected":false},"author":1,"featured_media":0,"parent":0,"menu_order":1,"comment_status":"closed","ping_status":"open","template":"","meta":{"footnotes":""},"class_list":["post-2","page","type-page","status-publish","hentry"],"_links":{"self":[{"href":"https:\/\/www.tyhjakulho.fi\/index.php?rest_route=\/wp\/v2\/pages\/2","targetHints":{"allow":["GET"]}}],"collection":[{"href":"https:\/\/www.tyhjakulho.fi\/index.php?rest_route=\/wp\/v2\/pages"}],"about":[{"href":"https:\/\/www.tyhjakulho.fi\/index.php?rest_route=\/wp\/v2\/types\/page"}],"author":[{"embeddable":true,"href":"https:\/\/www.tyhjakulho.fi\/index.php?rest_route=\/wp\/v2\/users\/1"}],"replies":[{"embeddable":true,"href":"https:\/\/www.tyhjakulho.fi\/index.php?rest_route=%2Fwp%2Fv2%2Fcomments&post=2"}],"version-history":[{"count":299,"href":"https:\/\/www.tyhjakulho.fi\/index.php?rest_route=\/wp\/v2\/pages\/2\/revisions"}],"predecessor-version":[{"id":1733,"href":"https:\/\/www.tyhjakulho.fi\/index.php?rest_route=\/wp\/v2\/pages\/2\/revisions\/1733"}],"wp:attachment":[{"href":"https:\/\/www.tyhjakulho.fi\/index.php?rest_route=%2Fwp%2Fv2%2Fmedia&parent=2"}],"curies":[{"name":"wp","href":"https:\/\/api.w.org\/{rel}","templated":true}]}}