{"id":1361,"date":"2023-06-22T04:24:00","date_gmt":"2023-06-22T06:24:00","guid":{"rendered":"https:\/\/www.tyhjakulho.fi\/?page_id=1361"},"modified":"2026-05-04T07:16:16","modified_gmt":"2026-05-04T09:16:16","slug":"materiaalipankki","status":"publish","type":"page","link":"https:\/\/www.tyhjakulho.fi\/?page_id=1361","title":{"rendered":"Materiaalipankki"},"content":{"rendered":"\n<p>Tyhj\u00e4 kulho-Empty Bowls-tapahtuma on t\u00e4n\u00e4 vuonna perinteiseen tapaan Tuomiokirkon kryptassa 5.9.2026 klo 11-14.Tervetuloa! <\/p>\n\n\n\n<p>Kiitos kun jaat tietoa tapahtumasta&#x2764;&#xfe0f;.<\/p>\n\n\n\n<p>Lataa t\u00e4st\u00e4 itsellesi ja jaettavaksi vuoden <a href=\"https:\/\/www.tyhjakulho.fi\/wp-content\/uploads\/2026\/04\/Tyhja\u0308-kulho_Poster_2026-3.pdf\"><strong>2026 Tyhj\u00e4 kulho -juliste<\/strong><\/a>.<\/p>\n\n\n\n<p><\/p>\n\n\n\n<figure class=\"wp-block-gallery has-nested-images columns-default is-cropped wp-block-gallery-1 is-layout-flex wp-block-gallery-is-layout-flex\"><\/figure>\n\n\n\n<p><\/p>\n","protected":false},"excerpt":{"rendered":"<p>Tyhj\u00e4 kulho-Empty Bowls-tapahtuma on t\u00e4n\u00e4 vuonna perinteiseen tapaan Tuomiokirkon kryptassa 5.9.2026 klo 11-14.Tervetuloa! Kiitos kun jaat tietoa tapahtumasta&#x2764;&#xfe0f;. Lataa t\u00e4st\u00e4 itsellesi ja jaettavaksi vuoden 2026 Tyhj\u00e4 kulho -juliste.<a class=\"button\" href=\"https:\/\/www.tyhjakulho.fi\/?page_id=1361\" title=\"Read More\">Read more<\/a><\/p>\n","protected":false},"author":8,"featured_media":0,"parent":0,"menu_order":0,"comment_status":"closed","ping_status":"closed","template":"","meta":{"footnotes":""},"class_list":["post-1361","page","type-page","status-publish","hentry"],"_links":{"self":[{"href":"https:\/\/www.tyhjakulho.fi\/index.php?rest_route=\/wp\/v2\/pages\/1361","targetHints":{"allow":["GET"]}}],"collection":[{"href":"https:\/\/www.tyhjakulho.fi\/index.php?rest_route=\/wp\/v2\/pages"}],"about":[{"href":"https:\/\/www.tyhjakulho.fi\/index.php?rest_route=\/wp\/v2\/types\/page"}],"author":[{"embeddable":true,"href":"https:\/\/www.tyhjakulho.fi\/index.php?rest_route=\/wp\/v2\/users\/8"}],"replies":[{"embeddable":true,"href":"https:\/\/www.tyhjakulho.fi\/index.php?rest_route=%2Fwp%2Fv2%2Fcomments&post=1361"}],"version-history":[{"count":15,"href":"https:\/\/www.tyhjakulho.fi\/index.php?rest_route=\/wp\/v2\/pages\/1361\/revisions"}],"predecessor-version":[{"id":1778,"href":"https:\/\/www.tyhjakulho.fi\/index.php?rest_route=\/wp\/v2\/pages\/1361\/revisions\/1778"}],"wp:attachment":[{"href":"https:\/\/www.tyhjakulho.fi\/index.php?rest_route=%2Fwp%2Fv2%2Fmedia&parent=1361"}],"curies":[{"name":"wp","href":"https:\/\/api.w.org\/{rel}","templated":true}]}}