{"id":11,"date":"2016-08-09T15:39:55","date_gmt":"2016-08-09T15:39:55","guid":{"rendered":"http:\/\/tyhjakulho.fi\/wordpress\/?page_id=11"},"modified":"2026-04-14T10:59:17","modified_gmt":"2026-04-14T12:59:17","slug":"lahjoittajat","status":"publish","type":"page","link":"https:\/\/www.tyhjakulho.fi\/?page_id=11","title":{"rendered":"Kulholahjoitukset"},"content":{"rendered":"<p>Tyhj\u00e4 kulho -tapahtuma j\u00e4rjestet\u00e4\u00e4n t\u00e4n\u00e4 vuonna 5.9.2026 klo 11-14 Tuomiokirkon kryptassa. Tapahtuma toteutuu kokonaan 0-budjetilla, vapaaehtoisvoimin ja lahjoitusten avulla.<\/p>\n<h2>Miten osallistun lahjoittamalla kulhoja?<\/h2>\n<p>Tapahtumaan voi lahjoittaa keraamisia tai lasisia kulhoja (koko n. 3-7dl), jotka soveltuvat elintarvikek\u00e4ytt\u00f6\u00f6n.<\/p>\n<p>Ilmoittaudu mukaan kaisa.tyhjakulho@gmail.com niin saat lis\u00e4tietoa ja tarkemmat ohjeet osallistumiseen.<\/p>\n<h3>Kulhojen toimitus:<\/h3>\n<p>Kulhot voi tuoda paikan p\u00e4\u00e4lle Tuomiokirkon kryptaan, Kirkkokatu 18, 00170 Helsinki, lauantaina ennen tapahtumaa 5.9.2026 klo 9.30-11.<\/p>\n<p class=\"p2\"><span class=\"s1\">Kulhoja voi tuoda my\u00f6s ker\u00e4yspisteisiin, joka t\u00e4n\u00e4 vuonna on Keramiikkakeskus Septaria Helsingiss\u00e4.<\/span><\/p>\n<p class=\"p2\"><span class=\"s2\">Huom! Kulhoja ei voi postittaa ker\u00e4yspisteelle vaan ne pit\u00e4\u00e4 tuoda paikan p\u00e4\u00e4lle.<\/span><\/p>\n<h4 class=\"p1\">Toimitus Keramiikkakeskus Septaria<\/h4>\n<ul>\n<li class=\"p1\"><span class=\"s1\">Septaria vastaanottaa <\/span>kulhoja 24.8-3.9 2026 v\u00e4lisen\u00e4 aikana<span class=\"s1\">.<\/span><\/li>\n<li class=\"p1\">Osoite: Tallberginkatu 1 C, 3. krs, 00180 Helsinki, e<span class=\"s1\">steet\u00f6n kulku hissille C-aulan kautta<\/span><\/li>\n<li class=\"p1\">Puhelinnumero: 020 7639 876<\/li>\n<li class=\"p1\">Aukioloajat: ma klo 10\u201313.00 klo 13.45\u201317.00, ti klo 10\u201313.00 klo 13.45\u201320.00, ke-pe klo 10\u201313.00 klo 13.45\u201317.00<\/li>\n<\/ul>\n<h4>Kulhojen toimitus Matkahuollolla<\/h4>\n<ul>\n<li class=\"p2\"><span class=\"s1\">L\u00e4het\u00e4 kulhot Kampin Matkahuoltoon <\/span><span class=\"s2\">viikolla 35,\u00a0 jotta ne ovat perill\u00e4 ennen 4.9.2026.<\/span><\/li>\n<li class=\"p2\"><span class=\"s2\">Huomioithan<\/span><span class=\"s1\">, ett\u00e4 emme ota vastaan kulhoja, jotka ovat l\u00e4hetetty t\u00e4m\u00e4n aikarajan j\u00e4lkeen. <\/span><\/li>\n<li class=\"p2\"><span class=\"s1\">Pakkaa kulhot hyvin, jotta ne kest\u00e4v\u00e4t kuljetuksen. Matkahuollosta voit halutessasi ostaa lis\u00e4palveluna s\u00e4rkyv\u00e4lis\u00e4n. <\/span><\/li>\n<li class=\"p2\"><span class=\"s1\">Muistathan laittaa pakettiin mukaan lapun, jossa lukee, kenelt\u00e4 lahjoitus on.<\/span><\/li>\n<li class=\"p2\">Osoite: Kampin Matkahuolto, Narinkka 1 Kampin keskus, 00100 Helsinki<\/li>\n<li class=\"p2\">Vastaanottaja: Tyhj\u00e4 kulho 2026 C\/O Tuula Styrman, puh: 050 5489717<\/li>\n<\/ul>\n<h4>Kulhon lahjoittajan muistilista:<\/h4>\n<ol>\n<li class=\"p2\"><span class=\"s1\">Ilmoittaudu lahjoittajaksi kaisa.tyhjakulho@gmail.com<\/span><\/li>\n<li class=\"p2\"><span class=\"s1\">Ilmoita arvio, kuinka monta kulhoa aiot lahjoittaa<\/span><\/li>\n<li class=\"p2\"><span class=\"s1\">Elintarvikekelpoinen keraaminen tai lasinen kulho (n. 3\u20137 dl)<\/span><\/li>\n<li class=\"p2\"><span class=\"s1\">Ilmoita mill\u00e4 tavalla, aiot kulhot toimittaa (toimitus tapahtumaan, ker\u00e4yspisteelle, matkahuollolla)<\/span><\/li>\n<li class=\"p2\">Huomioi eri toimitustapojen aikataulut ja muut k\u00e4yt\u00e4nn\u00f6n asiat<\/li>\n<li class=\"p2\">Ilmoita sosiaalisen median tili tai linkki verkkosivuille (julkaisemme tiedon tapahtuman verkkosivuilla)Huom! vain tapahtumaan s\u00e4hk\u00f6postitse ilmoittautuneet lahjoittajat n\u00e4kyv\u00e4t lahjoittajalistassa kotisivuilla<\/li>\n<li class=\"p2\">Pakkaa kulhot hyvin ja laita pakkauksen yhteyteen tieto kenelt\u00e4 kulhot ovat<\/li>\n<li class=\"p2\">Kiitos kun olet mukana!<\/li>\n<\/ol>\n<p><a href=\"https:\/\/www.tyhjakulho.fi\/wp-content\/uploads\/2016\/09\/nellikivinen_tyhjakulho38.jpeg\"><img loading=\"lazy\" decoding=\"async\" class=\"aligncenter wp-image-502 size-large\" src=\"https:\/\/www.tyhjakulho.fi\/wp-content\/uploads\/2016\/09\/nellikivinen_tyhjakulho38-449x304.jpeg\" width=\"449\" height=\"304\" \/><\/a><\/p>\n<h2>LAHJOITTAJAT 2026<\/h2>\n<p><strong>Kulhot<\/strong><\/p>\n<p>Septaria Keramiikkakeskus\u00a0<em><a href=\"https:\/\/www.septaria.fi\/\">Septaria<\/a><\/em><\/p>\n<p>Riitu Uosukainen <a href=\"https:\/\/riitu-uosukainen.webnode.fi\/\"><em>riitu ceramics<\/em><\/a><\/p>\n<p>Keramiikkataiteilija Ulla Kangaspunta <a href=\"https:\/\/www.facebook.com\/profile.php?id=100063554104784\"><em>Ulla Kangaspunta Facebook<\/em><\/a><\/p>\n<p>Mitsuru Sato<\/p>\n<p>Kaisa Lammilahti <a href=\"https:\/\/www.instagram.com\/kaisa_lahti_ceramics\/\">https:\/\/www.instagram.com\/kaisa_lammilahti_ceramics\/<\/a><\/p>\n<p>Keraamikko Taru Tuomola<\/p>\n<p>Keramiikkatila Rutiili, Rutiilin taitavat asiakkaat, keraamikko P\u00e4ivi Vikberg ja keraamikko Emmi Kouko. <a href=\"https:\/\/rutiili.fi\/\">rutiili.fi<\/a><\/p>\n<h2>LAHJOITTAJAT 2025<\/h2>\n<p>Kiitos kaikille t\u00e4m\u00e4n vuoden 2025 tapahtumaan lahjoittaneille!<\/p>\n<h3>Kulhot<\/h3>\n<p>Septaria Keramiikkakeskus\u00a0<em><a href=\"https:\/\/www.septaria.fi\/\">Septaria<\/a><\/em><\/p>\n<p>Riitu Uosukainen <a href=\"https:\/\/riitu-uosukainen.webnode.fi\/\"><em>riitu ceramics<\/em><\/a><\/p>\n<p>Keramiikkataiteilija Ulla Kangaspunta <a href=\"https:\/\/www.facebook.com\/profile.php?id=100063554104784\"><em>Ulla Kangaspunta Facebook<\/em><\/a><\/p>\n<p>Mitsuru Sato<\/p>\n<p>Jutta Himonas <a href=\"http:\/\/www.juttahimonas.fi\/\">http:\/\/www.juttahimonas.fi\/<\/a> \u00a0 \u00a0<a href=\"https:\/\/www.instagram.com\/juttahimonas\/\">https:\/\/www.instagram.com\/juttahimonas\/<\/a><\/p>\n<p>Mudhouse <a href=\"http:\/\/mudhouse.fi\/\">http:\/\/mudhouse.fi\/<\/a><\/p>\n<p>Kaisa Lahti <a href=\"https:\/\/www.instagram.com\/kaisa_lahti_ceramics\/\">https:\/\/www.instagram.com\/kaisa_lahti_ceramics\/<\/a><\/p>\n<p>Saara Kivim\u00e4ki\u00a0<a href=\"http:\/\/instagram.com\/bumsu.ceramics\">http:\/\/instagram.com\/bumsu.ceramics<\/a><\/p>\n<p>Leena Kouhia\u00a0<a href=\"https:\/\/leenakouhia.com\/\">https:\/\/leenakouhia.com\/<\/a><\/p>\n<p>Rinnekodit, Lakiston ty\u00f6toiminta\u00a0<a href=\"https:\/\/www.rinnekodit.fi\/toimipisteet\/rinnekodit-lakiston-tyotoiminta\/\">Rinnekodit Lakiston ty\u00f6toiminta &#8211; Rinnekodit<\/a><\/p>\n<p>Katja Kotikoski <a href=\"https:\/\/katjakotikoski.com\/\">Etusivu \u2014 Keraamikko Katja Kotikoski<\/a><\/p>\n<p>Jane Sarpaneva <a href=\"https:\/\/www.instagram.com\/janes_ceramics\/\">https:\/\/www.instagram.com\/janes_ceramics\/<\/a><\/p>\n<p>Keramiikkataiteilija Heli Halme\u00a0<a href=\"http:\/\/instagram.com\/halmeheli\">http:\/\/instagram.com\/halmeheli<\/a><\/p>\n<p>Saila Hastrup ja Jan La\u0161tovi\u010dka aka Handle with CareWebsite: <a href=\"http:\/\/www.handlewithcare.cz\/\">www.handlewithcare.cz<\/a>Instagram: handlewithcare_porcelainFacebook: cautionfragile<\/p>\n<p>Mervi Laitinen<\/p>\n<p>Keramiikkataiteilija Catharina Kajander, <a href=\"http:\/\/www.ckajander.com\/\">http:\/\/www.ckajander.com\/<\/a><\/p>\n<p>Maj Stenberg<\/p>\n<p>Cihu Design Oy<\/p>\n<p>insta: cihudesign,\u00a0<a href=\"http:\/\/www.cihu.fi\/\">www.cihu.fi<\/a><\/p>\n<p>Carolina Casagrande<\/p>\n<p>TRIFI design,\u00a0<a href=\"https:\/\/trifidesign.art\/\">trifidesign.art<\/a>\u00a0Insta: jaanartista_trifidesign<\/p>\n<p>Arkkitehti Sofie H\u00e4gerstr\u00f6m<\/p>\n<p>Lounais-H\u00e4meen koulutuskuntayhtym\u00e4, Forssan ammatti-instituutti<\/p>\n<p>Elina Le,\u00a0<a href=\"https:\/\/muroleceramics.fi\/\">https:\/\/muroleceramics.fi\/<\/a><\/p>\n<p>Susanna Renlund<\/p>\n<p>Reetta Kiuru<\/p>\n<p><span style=\"font-weight: 400;\">Gunilla R\u00f6nnholm<\/span><\/p>\n<p>Rosanne Sepp\u00e4nen <a href=\"https:\/\/www.instagram.com\/studiohanska\/\">@studiohanska<\/a><\/p>\n<p>Studio M <a href=\"https:\/\/www.studiom.fi\/\">,https:\/\/www.studiom.fi\/<\/a><\/p>\n<p>Mia Bergstr\u00f6m @mia.m.bergstrom<\/p>\n<p>Hele Ceramics<\/p>\n<p>&nbsp;<\/p>\n<p>&nbsp;<\/p>\n<h3>Taidelahjoittajat<\/h3>\n<p>Hopeakorut: Annika Linder-Airava, <a href=\"https:\/\/www.instagram.com\/edelstendesign\">https:\/\/www.instagram.com\/edelstendesign<\/a><\/p>\n<h3>Keitot, leiv\u00e4t, makea tarjottava<\/h3>\n<p><a href=\"https:\/\/www.lehtovaara.fi\/\">Ravintola Lehtovaara<\/a><\/p>\n<p><a href=\"https:\/\/nokkahelsinki.fi\/\">Ravintola Nokka<\/a><\/p>\n<p><a href=\"https:\/\/www.paulettehelsinki.com\/\">Ravintola Paulette<\/a><\/p>\n<p><a href=\"https:\/\/ravinteliolkkari.fi\/\">Ravinteli Olkkari<\/a><\/p>\n<p><a href=\"https:\/\/www.ravintolabank.fi\/\">Tapahtumatalo Bank<\/a><\/p>\n<p>Finlandia Cafe &amp; Wine,\u00a0 <a href=\"https:\/\/www.finlandiatalo.fi\/pikku-finlandia\/finlandia-cafe-wine\/\">https:\/\/www.finlandiatalo.fi\/pikku-finlandia\/finlandia-cafe-wine\/<\/a><\/p>\n<p><a href=\"https:\/\/www.messenius.fi\/\">Ravintola Messenius<\/a><\/p>\n<p><a href=\"https:\/\/sofiahelsinki.fi\/sofia-ravintola-ja-cafe-bar\/\">Sofia Helsinki<\/a><\/p>\n<p><a href=\"https:\/\/www.seahorse.fi\/\">Ravintola Sea Horse<\/a><\/p>\n<p><a href=\"https:\/\/www.cafewilhelmsdal.com\/\">Cafe Wilhelmsdal<\/a> , Inkoo<\/p>\n<p><a href=\"https:\/\/villasofia-bb.fi\/\">Villa Sofia<\/a>, Bar\u00f6sund, Inkoo<\/p>\n<p>Ravintola Helsinki,<span style=\"font-weight: 400;\">\u00a0<\/span><a href=\"https:\/\/ruoka.palmia.fi\/fi\/ravintola\/ravintola\/helsinki\/\"><span style=\"font-weight: 400;\">https:\/\/ruoka.palmia.fi\/fi\/ravintola\/ravintola\/helsinki\/<\/span><\/a><\/p>\n<p><a href=\"https:\/\/www.leipomovayrynen.fi\/\"><span style=\"font-weight: 400;\">Leipomo V\u00e4yrynen<\/span><\/a><\/p>\n<h3>Kahvit ja tee<\/h3>\n<p><a href=\"https:\/\/reilukauppa.fi\/\">Reilu Kauppa<\/a><\/p>\n<h3>Keitti\u00f6ss\u00e4<\/h3>\n<p>Kaisa Koskensilta ja<\/p>\n<p>Tomas Forsman, <a href=\"https:\/\/www.letme.fi\/\">Let me wine\u00a0<\/a><\/p>\n<p>&nbsp;<\/p>\n<h3>Ohjelma<\/h3>\n<p>Raising Agents -yhtye<\/p>\n<p>Maija V\u00e4is\u00e4nen, piano<\/p>\n<p>Eija Ahvo, laulu<\/p>\n<p>Robin DeWan, didgeridoo<\/p>\n<p>Eija Vilpas, juonto<\/p>\n<p>&nbsp;<\/p>\n<h3>Kuvamateriaalit<\/h3>\n<p>Martta-Kaisa Virta\u00a0<a href=\"https:\/\/makaflux.com\/\" target=\"_blank\" rel=\"noopener\" data-saferedirecturl=\"https:\/\/www.google.com\/url?q=https:\/\/makaflux.com\/&amp;source=gmail&amp;ust=1746022377745000&amp;usg=AOvVaw1VcqaBkH0IHncovHSyj8E0\">Martta-Kaisa Virta \/\/ Art &amp; Illustrations<\/a><\/p>\n<h3>Muut yhteisty\u00f6kumppanit<\/h3>\n<p><a href=\"https:\/\/www.helsinginseurakunnat.fi\/tuomiokirkkoseurakunta.html.stx\">Helsingin Tuomiokirkkoseurakunta<\/a><\/p>\n<p>UNICEF-vapaaehtoiset Helsinki\u00a0<a href=\"https:\/\/www.facebook.com\/pages\/category\/Nonprofit-organization\/UNICEF-vapaaehtoiset-Helsinki-183965641640777\/\"><i>UNICEF-vapaaehtoiset Helsinki<\/i><\/a><\/p>\n<p><a href=\"https:\/\/www.yit.fi\/\">YIT<\/a><\/p>\n<p>Create Interaction Oy\u00a0<a href=\"https:\/\/www.create.fi\/\"><i>Create Interaction<\/i><\/a><\/p>\n<h3>Tyhj\u00e4 Kulho -ty\u00f6ryhm\u00e4<\/h3>\n<p>Riitu Uosukainen, Kaisa Lahti, Nils Liljefors, Riitta Luukkola, Leena Merikallio, Nikolas Miklau, Pentti Kotoaro, Tuula Styrman<\/p>\n<h3>Tyhj\u00e4 Kulho -perustaja<\/h3>\n<p>Eva Spoof \/\u00a0<em><a href=\"https:\/\/udumbara.fi\/\">Udumbara<\/a><\/em><\/p>\n<p>&nbsp;<\/p>\n<h2>LAHJOITTAJAT 2024<\/h2>\n<h3>Kulhot<\/h3>\n<p style=\"font-weight: 400;\">Septaria Keramiikkakeskus\u00a0<em><a href=\"https:\/\/www.septaria.fi\/\">Septaria<\/a><\/em><\/p>\n<p style=\"font-weight: 400;\">Riitu Uosukainen\u00a0<a href=\"https:\/\/riitu-uosukainen.webnode.fi\/\"><em>riitu ceramics<\/em><\/a><\/p>\n<p style=\"font-weight: 400;\">Mia Bergstr\u00f6m @mia.m.bergstrom<\/p>\n<p style=\"font-weight: 400;\">Ulla Kangaspunta\u00a0<a href=\"https:\/\/www.facebook.com\/profile.php?id=100063554104784\"><em>UllaKangaspuntaFacebook<\/em><\/a><\/p>\n<p style=\"font-weight: 400;\">Mitsuru Sato<\/p>\n<p style=\"font-weight: 400;\">@heleceramics<\/p>\n<p style=\"font-weight: 400;\">Gunilla R\u00f6nholm, Johanna Hakoniemi, Susanna Renlund, Maj Stenberg<\/p>\n<p style=\"font-weight: 400;\">Diakonissalaitos @diakonissalaitos<\/p>\n<p style=\"font-weight: 400;\">Hanna Tuominen @pieniteehetki<\/p>\n<p style=\"font-weight: 400;\">Arabia @arabiaofficial<\/p>\n<p style=\"font-weight: 400;\">Saara Kivim\u00e4ki @bumsu_ceramics<\/p>\n<p style=\"font-weight: 400;\">Forssan ammatti-instituutti @faikeramiikka<\/p>\n<p style=\"font-weight: 400;\"><a href=\"https:\/\/fai.fi\/\">Forssan ammatti-instituutti \/ fai.fi<\/a><\/p>\n<p style=\"font-weight: 400;\">Leena Lahdelma<\/p>\n<p style=\"font-weight: 400;\">Leena Kouhia @raaka_ra<\/p>\n<p style=\"font-weight: 400;\">Natalia Kukulas @natsku.ceramics<\/p>\n<p style=\"font-weight: 400;\">Samantha Christides @syrenen_keramik<\/p>\n<p style=\"font-weight: 400;\">Carolina Casagrande @ceeceeceramics<\/p>\n<p style=\"font-weight: 400;\">Sami Rinne @samirinnedesign<\/p>\n<p style=\"font-weight: 400;\">Satu Turunen @satu_ceramics<\/p>\n<p style=\"font-weight: 400;\">Marianna Salokannel @mandala_and_more1<\/p>\n<p>Keitot, leiv\u00e4t, makea tarjottava<\/p>\n<p><a href=\"https:\/\/www.loylyhelsinki.fi\/\"><span style=\"font-weight: 400;\">L\u00f6yly<\/span><\/a><\/p>\n<p><a href=\"https:\/\/www.lehtovaara.fi\/\"><span style=\"font-weight: 400;\">Ravintola Lehtovaara<\/span><\/a><\/p>\n<p><a href=\"https:\/\/www.restaurantelm.fi\/fi\"><span style=\"font-weight: 400;\">Restaurant Elm<\/span><\/a><\/p>\n<p><a href=\"https:\/\/nokkahelsinki.fi\/\"><span style=\"font-weight: 400;\">Ravintola Nokka<\/span><\/a><\/p>\n<p><a href=\"https:\/\/www.paulettehelsinki.com\/\"><span style=\"font-weight: 400;\">Ravintola Paulette<\/span><\/a><\/p>\n<p><a href=\"https:\/\/www.kuurna.fi\/\"><span style=\"font-weight: 400;\">Ravintola Kuurna<\/span><\/a><\/p>\n<p><a href=\"https:\/\/ravinteliolkkari.fi\/\"><span style=\"font-weight: 400;\">Ravinteli Olkkari<\/span><\/a><\/p>\n<p><a href=\"https:\/\/www.kirsikka.fi\/etusivu\"><span style=\"font-weight: 400;\">Kirsikka<\/span><\/a><\/p>\n<p><a href=\"https:\/\/www.ravintolabank.fi\/\"><span style=\"font-weight: 400;\">Tapahtumatalo Bank<\/span><\/a><\/p>\n<p><span style=\"font-weight: 400;\">Finlandia Cafe &amp; Wine\u00a0<\/span><a href=\"https:\/\/www.finlandiatalo.fi\/pikku-finlandia\/finlandia-cafe-wine\/\"><span style=\"font-weight: 400;\">https:\/\/www.finlandiatalo.fi\/pikku-finlandia\/finlandia-cafe-wine\/<\/span><\/a><\/p>\n<p><span style=\"font-weight: 400;\">Ravintola Helsinki (Kaupungintalon Ravintola) <\/span><a href=\"https:\/\/ruoka.palmia.fi\/fi\/ravintola\/ravintola\/helsinki\/\"><span style=\"font-weight: 400;\">https:\/\/ruoka.palmia.fi\/fi\/ravintola\/ravintola\/helsinki\/<\/span><\/a><\/p>\n<p><a href=\"https:\/\/www.leipomovayrynen.fi\/\"><span style=\"font-weight: 400;\">Leipomo V\u00e4yrynen<\/span><\/a><\/p>\n<p><a href=\"https:\/\/www.messenius.fi\/\"><span style=\"font-weight: 400;\">Ravintola Messenius<\/span><\/a><\/p>\n<p><a href=\"https:\/\/sofiahelsinki.fi\/sofia-ravintola-ja-cafe-bar\/\">Sofia Helsinki<\/a><\/p>\n<p><a href=\"https:\/\/www.seahorse.fi\/\">Ravintola Sea Horse<\/a><\/p>\n<p><a href=\"https:\/\/www.cafewilhelmsdal.com\/\"><span style=\"font-weight: 400;\">Cafe Wilhelmsdal,<\/span><\/a><\/p>\n<h3>Kahvit ja tee<\/h3>\n<p>Reilu Kauppa<\/p>\n<h3>Keitti\u00f6ss\u00e4<\/h3>\n<p><span style=\"font-weight: 400;\">Nina Kaukonen ja Markku Luola <\/span><\/p>\n<h3>Ohjelma<\/h3>\n<p>Eija Vilpas, juonto<\/p>\n<p>Eija Ahvo, Minna Miettinen s\u00e4est\u00e4\u00e4<\/p>\n<p>Anna Hanski<\/p>\n<p>Raising Agents<\/p>\n<p>Maija V\u00e4is\u00e4nen, piano<\/p>\n<h3>Kuvamateriaalit<\/h3>\n<p><span style=\"font-weight: 400;\">Anni McMahon, @matildartist, julisteen graafinen ilme<\/span><\/p>\n<p><span style=\"font-weight: 400;\">Coloro Oy <\/span><a href=\"https:\/\/www.coloro.fi\/\"><i><span style=\"font-weight: 400;\">Coloro<\/span><\/i><\/a><\/p>\n<h3>Muut yhteisty\u00f6kumppanit<\/h3>\n<p><span style=\"font-weight: 400;\">UNICEF-vapaaehtoiset Helsinki <\/span><a href=\"https:\/\/www.facebook.com\/pages\/category\/Nonprofit-organization\/UNICEF-vapaaehtoiset-Helsinki-183965641640777\/\"><i><span style=\"font-weight: 400;\">UNICEF-vapaaehtoiset Helsinki<\/span><\/i><\/a><\/p>\n<p><a href=\"https:\/\/www.yit.fi\/\">YIT<\/a><\/p>\n<p><span style=\"font-weight: 400;\">Create Interaction Oy<\/span> <a href=\"https:\/\/www.create.fi\/\"><i><span style=\"font-weight: 400;\">Create Interaction<\/span><\/i><\/a><\/p>\n<p>Helsingin Tuomiokirkkoseurakunta<\/p>\n<h3>Tyhj\u00e4 Kulho -ty\u00f6ryhm\u00e4<\/h3>\n<p><span style=\"font-weight: 400;\">Riitu Uosukainen, Nils Liljefors, Riitta Luukkola, Leena Merikallio, Nikolas Miklau, Pentti Kotoaro, Tuula Styrman<\/span><\/p>\n<h3>Tyhj\u00e4 Kulho -perustaja<\/h3>\n<p>Eva Spoof \/\u00a0<em><a href=\"https:\/\/udumbara.fi\/\">Udumbara<\/a><\/em><\/p>\n<h2><\/h2>\n<h4><a href=\"https:\/\/www.tyhjakulho.fi\/?page_id=1213\">\u2192 Tutustu my\u00f6s aikaisempien vuosien lahjoittajiin!<\/a><\/h4>\n<h3><\/h3>\n","protected":false},"excerpt":{"rendered":"<p>Tyhj\u00e4 kulho -tapahtuma j\u00e4rjestet\u00e4\u00e4n t\u00e4n\u00e4 vuonna 5.9.2026 klo 11-14 Tuomiokirkon kryptassa. Tapahtuma toteutuu kokonaan 0-budjetilla, vapaaehtoisvoimin ja lahjoitusten avulla. Miten osallistun lahjoittamalla kulhoja? Tapahtumaan voi lahjoittaa keraamisia tai lasisia kulhoja (koko n. 3-7dl), jotka soveltuvat elintarvikek\u00e4ytt\u00f6\u00f6n. Ilmoittaudu mukaan kaisa.tyhjakulho@gmail.com niin saat lis\u00e4tietoa ja tarkemmat ohjeet osallistumiseen. Kulhojen toimitus: Kulhot voi tuoda paikan p\u00e4\u00e4lle Tuomiokirkon kryptaan,<a class=\"button\" href=\"https:\/\/www.tyhjakulho.fi\/?page_id=11\" title=\"Read More\">Read more<\/a><\/p>\n","protected":false},"author":1,"featured_media":0,"parent":0,"menu_order":3,"comment_status":"closed","ping_status":"closed","template":"","meta":{"footnotes":""},"class_list":["post-11","page","type-page","status-publish","hentry"],"_links":{"self":[{"href":"https:\/\/www.tyhjakulho.fi\/index.php?rest_route=\/wp\/v2\/pages\/11","targetHints":{"allow":["GET"]}}],"collection":[{"href":"https:\/\/www.tyhjakulho.fi\/index.php?rest_route=\/wp\/v2\/pages"}],"about":[{"href":"https:\/\/www.tyhjakulho.fi\/index.php?rest_route=\/wp\/v2\/types\/page"}],"author":[{"embeddable":true,"href":"https:\/\/www.tyhjakulho.fi\/index.php?rest_route=\/wp\/v2\/users\/1"}],"replies":[{"embeddable":true,"href":"https:\/\/www.tyhjakulho.fi\/index.php?rest_route=%2Fwp%2Fv2%2Fcomments&post=11"}],"version-history":[{"count":450,"href":"https:\/\/www.tyhjakulho.fi\/index.php?rest_route=\/wp\/v2\/pages\/11\/revisions"}],"predecessor-version":[{"id":1743,"href":"https:\/\/www.tyhjakulho.fi\/index.php?rest_route=\/wp\/v2\/pages\/11\/revisions\/1743"}],"wp:attachment":[{"href":"https:\/\/www.tyhjakulho.fi\/index.php?rest_route=%2Fwp%2Fv2%2Fmedia&parent=11"}],"curies":[{"name":"wp","href":"https:\/\/api.w.org\/{rel}","templated":true}]}}